{"id":226,"date":"2023-10-26T21:28:09","date_gmt":"2023-10-26T19:28:09","guid":{"rendered":"https:\/\/sparrowte.ch\/?page_id=226"},"modified":"2024-02-05T21:33:46","modified_gmt":"2024-02-05T20:33:46","slug":"impressum","status":"publish","type":"page","link":"https:\/\/sparrow365.de\/index.php\/impressum\/","title":{"rendered":"Impressum"},"content":{"rendered":"\n<h2 class=\"wp-block-heading\">Eigent\u00fcmer<\/h2>\n\n\n\n<p>Julian Sperling<\/p>\n\n\n\n<p><a href=\"mailto:info@sparrow365.de\">info@sparrow365.de<\/a><\/p>\n\n\n\n<p>Lautensackstra\u00dfe 17<br>80687 M\u00fcnchen<\/p>\n\n\n\n<h2 class=\"wp-block-heading\">Rechtliches<\/h2>\n\n\n\n<p>Nutzung der zur verf\u00fcgung gestellten Informationen f\u00fcr unangeforderte Werbung oder Kontakt ohne rechtliche Begr\u00fcndung ist ausdr\u00fccklich verboten. Rechtliche Schritte werden vorbehalten.<\/p>\n\n\n\n<p>Ich \u00fcbernehmen keine Haftung f\u00fcr die Richtigkeit von Seiteninhalten.<\/p>\n\n\n\n<p>Bitte lesen sie auch unsere&nbsp;<a href=\"https:\/\/sparrowte.ch\/index.php\/datenschutzerklaerung\/\" data-type=\"page\" data-id=\"3\">Datenschutzerkl\u00e4rung<\/a>.<\/p>\n\n\n\n<p>Sollten sie Probleme oder Vorbehalten haben Kontaktieren sie uns bitte.<\/p>\n","protected":false},"excerpt":{"rendered":"<p>Eigent\u00fcmer Julian Sperling info@sparrow365.de Lautensackstra\u00dfe 1780687 M\u00fcnchen Rechtliches Nutzung der zur verf\u00fcgung gestellten Informationen f\u00fcr unangeforderte Werbung oder Kontakt ohne rechtliche Begr\u00fcndung ist ausdr\u00fccklich verboten. Rechtliche Schritte werden vorbehalten. Ich \u00fcbernehmen keine Haftung f\u00fcr die Richtigkeit von Seiteninhalten. Bitte lesen sie auch unsere&nbsp;Datenschutzerkl\u00e4rung. Sollten sie Probleme oder Vorbehalten haben Kontaktieren sie uns bitte.<\/p>\n","protected":false},"author":1,"featured_media":0,"parent":0,"menu_order":0,"comment_status":"closed","ping_status":"closed","template":"","meta":{"footnotes":""},"class_list":["post-226","page","type-page","status-publish","hentry"],"_links":{"self":[{"href":"https:\/\/sparrow365.de\/index.php\/wp-json\/wp\/v2\/pages\/226","targetHints":{"allow":["GET"]}}],"collection":[{"href":"https:\/\/sparrow365.de\/index.php\/wp-json\/wp\/v2\/pages"}],"about":[{"href":"https:\/\/sparrow365.de\/index.php\/wp-json\/wp\/v2\/types\/page"}],"author":[{"embeddable":true,"href":"https:\/\/sparrow365.de\/index.php\/wp-json\/wp\/v2\/users\/1"}],"replies":[{"embeddable":true,"href":"https:\/\/sparrow365.de\/index.php\/wp-json\/wp\/v2\/comments?post=226"}],"version-history":[{"count":6,"href":"https:\/\/sparrow365.de\/index.php\/wp-json\/wp\/v2\/pages\/226\/revisions"}],"predecessor-version":[{"id":534,"href":"https:\/\/sparrow365.de\/index.php\/wp-json\/wp\/v2\/pages\/226\/revisions\/534"}],"wp:attachment":[{"href":"https:\/\/sparrow365.de\/index.php\/wp-json\/wp\/v2\/media?parent=226"}],"curies":[{"name":"wp","href":"https:\/\/api.w.org\/{rel}","templated":true}]}}