{"id":3,"date":"2023-10-22T19:07:24","date_gmt":"2023-10-22T17:07:24","guid":{"rendered":"http:\/\/sparrowte.ch\/?page_id=3"},"modified":"2024-11-04T20:02:13","modified_gmt":"2024-11-04T19:02:13","slug":"datenschutzerklaerung","status":"publish","type":"page","link":"https:\/\/sparrow365.de\/index.php\/datenschutzerklaerung\/","title":{"rendered":"Datenschutzerkl\u00e4rung"},"content":{"rendered":"\n<h2 class=\"wp-block-heading\">Wer wir sind<\/h2>\n\n\n\n<p>Die Adresse meiner Website ist: https:\/\/sparrowte.ch., alternativ https:\/\/sparrow365.de<\/p>\n\n\n\n<p>Verantwortlich ist Julian Sperling, <a href=\"mailto:info@sparrow365.de\">info@sparrow365.de<\/a><\/p>\n\n\n\n<p>Gehostet auf ovh.com: <a href=\"https:\/\/www.ovhcloud.com\/de\/personal-data-protection\/\">https:\/\/www.ovhcloud.com\/de\/personal-data-protection\/<\/a><\/p>\n\n\n\n<p>Letzte aktualisierung dieser Datenschutzerkl\u00e4rung: 04. November 2024<\/p>\n\n\n\n<p><\/p>\n\n\n\n<h3 class=\"wp-block-heading\">Widerruf Ihrer Einwilligung zur Datenverarbeitung<\/h3>\n\n\n\n<p>Nur mit deiner ausdr\u00fccklichen Einwilligung sind einige Vorg\u00e4nge der Datenverarbeitung m\u00f6glich. Ein Widerruf deiner bereits erteilten Einwilligung ist jederzeit m\u00f6glich. F\u00fcr den Widerruf gen\u00fcgt eine formlose Mitteilung per E-Mail. Die Rechtm\u00e4\u00dfigkeit der bis zum Widerruf erfolgten Datenverarbeitung bleibt vom Widerruf unber\u00fchrt.<\/p>\n\n\n\n<p><\/p>\n\n\n\n<h3 class=\"wp-block-heading\">Recht auf Beschwerde bei der zust\u00e4ndigen Aufsichtsbeh\u00f6rde<\/h3>\n\n\n\n<p>Als Betroffener steht dir im Falle eines datenschutzrechtlichen Versto\u00dfes ein Beschwerderecht bei der zust\u00e4ndigen Aufsichtsbeh\u00f6rde zu. Zust\u00e4ndige Aufsichtsbeh\u00f6rde bez\u00fcglich datenschutzrechtlicher Fragen ist der Landesdatenschutzbeauftragte Bayerns. Der folgende Link stellt eine Liste der Datenschutzbeauftragten sowie deren Kontaktdaten bereit: <a rel=\"noreferrer noopener\" href=\"https:\/\/www.bfdi.bund.de\/DE\/Infothek\/Anschriften_Links\/anschriften_links-node.html\" target=\"_blank\">https:\/\/www.bfdi.bund.de\/DE\/Infothek\/Anschriften_Links\/anschriften_links-node.html<\/a>.<\/p>\n\n\n\n<p><\/p>\n\n\n\n<h3 class=\"wp-block-heading\">Recht auf Daten\u00fcbertragbarkeit<\/h3>\n\n\n\n<p>Dir steht das Recht zu, Daten, die ich auf Grundlage deiner Einwilligung oder in Erf\u00fcllung eines Vertrags automatisiert verarbeite, an dich oder an Dritte aush\u00e4ndigen zu lassen. Die Bereitstellung erfolgt in einem maschinenlesbaren Format. Sofern du die direkte \u00dcbertragung der Daten an einen anderen Verantwortlichen verlangst, erfolgt dies nur, soweit es technisch machbar ist.<\/p>\n\n\n\n<p><\/p>\n\n\n\n<h3 class=\"wp-block-heading\">Recht auf Auskunft, Berichtigung, Sperrung, L\u00f6schung<\/h3>\n\n\n\n<p>Du hast jederzeit im Rahmen der geltenden gesetzlichen Bestimmungen das Recht auf unentgeltliche Auskunft \u00fcber deine gespeicherten personenbezogenen Daten, Herkunft der Daten, deren Empf\u00e4nger und den Zweck der Datenverarbeitung und ggf. ein Recht auf Berichtigung, Sperrung oder L\u00f6schung dieser Daten. Diesbez\u00fcglich und auch zu weiteren Fragen zum Thema personenbezogene Daten kannst du dich jederzeit \u00fcber die im Impressum aufgef\u00fchrten Kontaktm\u00f6glichkeiten an mich wenden.<\/p>\n\n\n\n<p><\/p>\n\n\n\n<h3 class=\"wp-block-heading\">SSL- bzw. TLS-Verschl\u00fcsselung<\/h3>\n\n\n\n<p>Aus Sicherheitsgr\u00fcnden und zum Schutz der \u00dcbertragung vertraulicher Inhalte, die du an mich als Seitenbetreiber sendest, nutzt unsere Website eine SSL-bzw. TLS-Verschl\u00fcsselung. Damit sind Daten, die du \u00fcber diese Website \u00fcbermittelst, f\u00fcr Dritte nicht mitlesbar. Du erkennst eine verschl\u00fcsselte Verbindung an der \u201ehttps:\/\/\u201c Adresszeile Ihres Browsers und am Schloss-Symbol in der Browserzeile.<\/p>\n\n\n\n<p><\/p>\n\n\n\n<h2 class=\"wp-block-heading\">Server-Log-Dateien<\/h2>\n\n\n\n<p>In Server-Log-Dateien erhebt und speichert der Provider der Website automatisch Informationen, die dein Browser automatisch an uns \u00fcbermittelt. Dies sind:<\/p>\n\n\n\n<ul class=\"wp-block-list\">\n<li>Besuchte Seite auf meiner Domain<\/li>\n\n\n\n<li>Datum und Uhrzeit der Serveranfrage<\/li>\n\n\n\n<li>Browsertyp und Browserversion<\/li>\n\n\n\n<li>Verwendetes Betriebssystem<\/li>\n\n\n\n<li>Von wo du auf unsere Seite kommst (Referrer)<\/li>\n\n\n\n<li>Hostname des zugreifenden Rechners<\/li>\n\n\n\n<li>IP-Adresse<\/li>\n<\/ul>\n\n\n\n<p>Es findet keine Zusammenf\u00fchrung dieser Daten mit anderen Datenquellen statt. Grundlage der Datenverarbeitung bildet Art. 6 Abs. 1 lit. b DSGVO, der die Verarbeitung von Daten zur Erf\u00fcllung eines Vertrags oder vorvertraglicher Ma\u00dfnahmen gestattet.<\/p>\n\n\n\n<p>Um Seitenbesuche and Nutzung nachzuvollziehen nutze ich <a data-bcup-haslogintext=\"no\" href=\"https:\/\/wordpress.org\/plugins\/wp-statistics\/\">WP-Statistics<\/a> &#8211; dies Bedeutet, dass Nutzung der Seite Anonymisiert und Aggregiert wird um allgemeine Statistiken zu liefern &#8211; es werden keine personenbezogenen Daten gespeichert oder an Dritte \u00fcbertragen.<\/p>\n\n\n\n<h2 class=\"wp-block-heading\">Registration<\/h2>\n\n\n\n<p>Auf unserer Webseite bieten wir Ihnen die M\u00f6glichkeit, sich \u00fcber Ihr Social-Media-Konto (z.\u202fB. Facebook, Google) zu registrieren und anzumelden. Hierf\u00fcr nutzen wir das WordPress-Plugin &#8222;Nextend Social Login&#8220; von Nextendweb. Wenn Sie diese Funktion nutzen, erh\u00e4lt unsere Webseite Zugriff auf bestimmte Daten aus Ihrem Social-Media-Profil. Dabei \u00fcbertr\u00e4gt der Social Provider in der Regel ihren Namen, E-Mail-Adresse und gegebenenfalls Ihr Profilbild. Diese Daten werden auf dieser Webseite nicht gespeichert und nicht an Dritte weitergegeben. Die Verarbeitung Ihrer Daten erfolgt gem\u00e4\u00df Art. 6 Abs. 1 lit. a DSGVO auf Basis Ihrer freiwillig erteilten Einwilligung, da sie eigenst\u00e4ndig ihr Profil anpassen \/ Aktualisieren m\u00fcssen. Bitte beachten Sie, dass die Nutzung von Social-Login-Funktionen den Datenschutzbestimmungen des jeweiligen Social-Media-Anbieters unterliegt. Weitere Informationen hierzu finden Sie in den Datenschutzerkl\u00e4rungen der entsprechenden Anbieter. Sie haben jederzeit das Recht, Auskunft \u00fcber die bei uns gespeicherten Daten zu erhalten sowie deren Berichtigung oder L\u00f6schung zu verlangen.<\/p>\n\n\n\n<p><\/p>\n\n\n\n<h2 class=\"wp-block-heading\">Kommentare<\/h2>\n\n\n\n<p>Wenn Besucher Kommentare auf der Website schreiben, sammele ich die Daten, die im Kommentar-Formular angezeigt werden, au\u00dferdem die IP-Adresse des Besuchers und den User-Agent-String (damit wird der Browser identifiziert), um die Erkennung von Spam zu unterst\u00fctzen.<\/p>\n\n\n\n<p>Besucher-Kommentare k\u00f6nnen von einem automatisierten Dienst zur Spam-Erkennung untersucht werden.<\/p>\n\n\n\n<p>Aus deiner E-Mail-Adresse kann eine anonymisierte Zeichenfolge erstellt (auch Hash genannt) und dem Gravatar-Dienst \u00fcbergeben werden, um zu pr\u00fcfen, ob du diesen benutzt. Die Datenschutzerkl\u00e4rung des Gravatar-Dienstes findest du hier: https:\/\/automattic.com\/privacy\/. Nachdem dein Kommentar freigegeben wurde, ist dein Profilbild \u00f6ffentlich im Kontext deines Kommentars sichtbar.<\/p>\n\n\n\n<p>Die Speicherung der Beitr\u00e4ge und Kommentare erfolgt auf Grundlage deiner Einwilligung (Art. 6 Abs. 1 lit. a DSGVO).<\/p>\n\n\n\n<p><\/p>\n\n\n\n<h2 class=\"wp-block-heading\">Links zu anderen Webseiten<\/h2>\n\n\n\n<p>Wenn du einen Link zu einer externen Webseite klickst, verl\u00e4sst du diese Seite. Daraus resultierend bin ich nicht verantwortlich f\u00fcr Inhalte, Dienste oder Produkte die auf der verlinkten Webseite verf\u00fcgbar sind. Gleicherma\u00dfen bin ich nicht verantwortlich f\u00fcr Datenschutz oder technischer Sicherheit auf der verlinkten Webseite. Dies ist vor allem wichtig wenn du einen meiner Inhalte \u00fcber die Social Media Links Teilst.<\/p>\n\n\n\n<p><\/p>\n\n\n\n<h2 class=\"wp-block-heading\">Medien<\/h2>\n\n\n\n<p>Wenn du ein registrierter Benutzer bist und Fotos auf diese Website l\u00e4dst, solltest du vermeiden, Fotos mit einem EXIF-GPS-Standort hochzuladen. Besucher dieser Website k\u00f6nnten Fotos, die auf dieser Website gespeichert sind, herunterladen und deren Standort-Informationen extrahieren.<\/p>\n\n\n\n<p><\/p>\n\n\n\n<h2 class=\"wp-block-heading\">Cookies<\/h2>\n\n\n\n<p>Wenn du einen Kommentar auf meiner Website schreibst, kann das eine Einwilligung sein, deinen Namen, E-Mail-Adresse und Website in Cookies zu speichern. Dies ist eine Komfortfunktion, damit du nicht, wenn du einen weiteren Kommentar schreibst, all diese Daten erneut eingeben musst. Diese Cookies werden ein Jahr lang gespeichert.<\/p>\n\n\n\n<p>Falls du ein Konto hast und dich auf dieser Website anmeldest, wird ein tempor\u00e4res Cookie gesetzt, um festzustellen, ob dein Browser Cookies akzeptiert. Dieses Cookie enth\u00e4lt keine personenbezogenen Daten und wird verworfen, wenn du deinen Browser schlie\u00dft.<\/p>\n\n\n\n<p>Wenn du dich anmeldest, werden wir einige Cookies einrichten, um deine Anmeldeinformationen und Anzeigeoptionen zu speichern. Anmelde-Cookies verfallen nach zwei Tagen und Cookies f\u00fcr die Anzeigeoptionen nach einem Jahr. Falls du bei der Anmeldung \u201eAngemeldet bleiben\u201c ausw\u00e4hlst, wird deine Anmeldung zwei Wochen lang aufrechterhalten. Mit der Abmeldung aus deinem Konto werden die Anmelde-Cookies gel\u00f6scht.<\/p>\n\n\n\n<p>Wenn du einen Artikel bearbeitest oder ver\u00f6ffentlichst, wird ein zus\u00e4tzlicher Cookie in deinem Browser gespeichert. Dieser Cookie enth\u00e4lt keine personenbezogenen Daten und verweist nur auf die Beitrags-ID des Artikels, den du gerade bearbeitet hast. Der Cookie verf\u00e4llt nach einem Tag.<\/p>\n\n\n\n<p>Das Setzen von Cookies, die zur Aus\u00fcbung elektronischer Kommunikationsvorg\u00e4nge oder der Bereitstellung bestimmter, von Ihnen erw\u00fcnschter Funktionen notwendig sind, erfolgt auf Grundlage von Art. 6 Abs. 1 lit. f DSGVO. Als Betreiber dieser Website haben mein Hoster und Ich ein berechtigtes Interesse an der Speicherung von Cookies zur technisch fehlerfreien und reibungslosen Bereitstellung unserer Dienste. Sofern die Setzung anderer Cookies (z.B. f\u00fcr Analyse-Funktionen) erfolgt, werden diese in dieser Datenschutzerkl\u00e4rung separat behandelt.<\/p>\n\n\n\n<p><\/p>\n\n\n\n<h2 class=\"wp-block-heading\">Eingebettete Inhalte von anderen Websites<\/h2>\n\n\n\n<p>Beitr\u00e4ge auf dieser Website k\u00f6nnen eingebettete Inhalte beinhalten (z.&nbsp;B. Videos, Bilder, Beitr\u00e4ge etc.). Eingebettete Inhalte von anderen Websites verhalten sich exakt so, als ob der Besucher die andere Website besucht h\u00e4tte.<\/p>\n\n\n\n<p>Diese Websites k\u00f6nnen Daten \u00fcber dich sammeln, Cookies benutzen, zus\u00e4tzliche Tracking-Dienste von Dritten einbetten und deine Interaktion mit diesem eingebetteten Inhalt aufzeichnen, inklusive deiner Interaktion mit dem eingebetteten Inhalt, falls du ein Konto hast und auf dieser Website angemeldet bist.<\/p>\n\n\n\n<p><\/p>\n\n\n\n<h2 class=\"wp-block-heading\">Teilen von Daten<\/h2>\n\n\n\n<p>Wenn du eine Zur\u00fccksetzung des Passworts beantragst, wird deine IP-Adresse in der E-Mail zur Zur\u00fccksetzung enthalten sein.<\/p>\n\n\n\n<p><\/p>\n\n\n\n<h2 class=\"wp-block-heading\">Aufbewahrungsdauer von Daten<\/h2>\n\n\n\n<p>Wenn du einen Kommentar schreibst, wird dieser inklusive Metadaten zeitlich unbegrenzt gespeichert. Auf diese Art k\u00f6nnen wir Folgekommentare automatisch erkennen und freigeben, anstatt sie in einer Moderations-Warteschlange festzuhalten.<\/p>\n\n\n\n<p>F\u00fcr Benutzer, die sich auf unserer Website registrieren, speichern wir zus\u00e4tzlich die pers\u00f6nlichen Informationen, die sie in ihren Benutzerprofilen angeben. Alle Benutzer k\u00f6nnen jederzeit ihre pers\u00f6nlichen Informationen einsehen, ver\u00e4ndern oder l\u00f6schen (der Benutzername kann nicht ver\u00e4ndert werden). Administratoren der Website k\u00f6nnen diese Informationen ebenfalls einsehen und ver\u00e4ndern.<\/p>\n","protected":false},"excerpt":{"rendered":"<p>Wer wir sind Die Adresse meiner Website ist: https:\/\/sparrowte.ch., alternativ https:\/\/sparrow365.de Verantwortlich ist Julian Sperling, info@sparrow365.de Gehostet auf ovh.com: https:\/\/www.ovhcloud.com\/de\/personal-data-protection\/ Letzte aktualisierung dieser Datenschutzerkl\u00e4rung: 04. November 2024 Widerruf Ihrer Einwilligung zur Datenverarbeitung Nur mit deiner ausdr\u00fccklichen Einwilligung sind einige Vorg\u00e4nge der Datenverarbeitung m\u00f6glich. Ein Widerruf deiner bereits erteilten Einwilligung ist jederzeit m\u00f6glich. F\u00fcr den Widerruf&#8230; &raquo; <a class=\"read-more-link\" href=\"https:\/\/sparrow365.de\/index.php\/datenschutzerklaerung\/\">weiterlesen<\/a><\/p>\n","protected":false},"author":1,"featured_media":0,"parent":0,"menu_order":0,"comment_status":"closed","ping_status":"open","template":"","meta":{"footnotes":""},"class_list":["post-3","page","type-page","status-publish","hentry"],"_links":{"self":[{"href":"https:\/\/sparrow365.de\/index.php\/wp-json\/wp\/v2\/pages\/3","targetHints":{"allow":["GET"]}}],"collection":[{"href":"https:\/\/sparrow365.de\/index.php\/wp-json\/wp\/v2\/pages"}],"about":[{"href":"https:\/\/sparrow365.de\/index.php\/wp-json\/wp\/v2\/types\/page"}],"author":[{"embeddable":true,"href":"https:\/\/sparrow365.de\/index.php\/wp-json\/wp\/v2\/users\/1"}],"replies":[{"embeddable":true,"href":"https:\/\/sparrow365.de\/index.php\/wp-json\/wp\/v2\/comments?post=3"}],"version-history":[{"count":10,"href":"https:\/\/sparrow365.de\/index.php\/wp-json\/wp\/v2\/pages\/3\/revisions"}],"predecessor-version":[{"id":831,"href":"https:\/\/sparrow365.de\/index.php\/wp-json\/wp\/v2\/pages\/3\/revisions\/831"}],"wp:attachment":[{"href":"https:\/\/sparrow365.de\/index.php\/wp-json\/wp\/v2\/media?parent=3"}],"curies":[{"name":"wp","href":"https:\/\/api.w.org\/{rel}","templated":true}]}}